{"id":74,"date":"2020-04-20T11:08:40","date_gmt":"2020-04-20T11:08:40","guid":{"rendered":"http:\/\/moscheebadvilbel.de\/?page_id=74"},"modified":"2024-02-28T14:44:55","modified_gmt":"2024-02-28T14:44:55","slug":"gebetszeiten","status":"publish","type":"page","link":"https:\/\/moscheebadvilbel.de\/?page_id=74","title":{"rendered":"Religi\u00f6se Feiertage"},"content":{"rendered":"\n\n<table id=\"tablepress-1\" class=\"tablepress tablepress-id-1\">\n<thead>\n<tr class=\"row-1 odd\">\n\t<th class=\"column-1\">Religi\u00f6se Feiertage<\/th><th class=\"column-2\">Datum<\/th>\n<\/tr>\n<\/thead>\n<tbody class=\"row-hover\">\n<tr class=\"row-2 even\">\n\t<td class=\"column-1\">Regaib-Nacht \u0644\u064a\u0644\u0629 \u0627\u0644\u0631\u063a\u0627\u0626\u0628<\/td><td class=\"column-2\">02.01.2025<\/td>\n<\/tr>\n<tr class=\"row-3 odd\">\n\t<td class=\"column-1\">Beginn der Gesegneten Drei Monate<\/td><td class=\"column-2\">01.01.2025<\/td>\n<\/tr>\n<tr class=\"row-4 even\">\n\t<td class=\"column-1\">Nacht der Himmelfahrt des Propheten \/ \u0644\u064a\u0644\u0629 \u0627\u0644\u0627\u0633\u0631\u0627\u0621 \u0648 \u0627\u0644\u0645\u0639\u0631\u0627\u062c<\/td><td class=\"column-2\">26.01.2025<\/td>\n<\/tr>\n<tr class=\"row-5 odd\">\n\t<td class=\"column-1\">Berat-Nacht \u0644\u064a\u0644\u0629 \u0627\u0644\u0628\u0631\u0627\u0621\u0629 \/ \u0646\u0635\u0641 \u0634\u0639\u0628\u0627\u0646<\/td><td class=\"column-2\">13.02.2025<\/td>\n<\/tr>\n<tr class=\"row-6 even\">\n\t<td class=\"column-1\">Ramadan-Beginn<\/td><td class=\"column-2\">01.03.2025<\/td>\n<\/tr>\n<tr class=\"row-7 odd\">\n\t<td class=\"column-1\">Nacht der Bestimmung \u0644\u064a\u0644\u0629 \u0627\u0644\u0642\u062f\u0631<\/td><td class=\"column-2\">26.03.2025<\/td>\n<\/tr>\n<tr class=\"row-8 even\">\n\t<td class=\"column-1\">Vortag des Ramadanfestes<\/td><td class=\"column-2\">29.03.2025<\/td>\n<\/tr>\n<tr class=\"row-9 odd\">\n\t<td class=\"column-1\">Ramadanfest \u0639\u064a\u062f \u0631\u0645\u0636\u0627\u0646<\/td><td class=\"column-2\">30. \u2013 01.04.2025<\/td>\n<\/tr>\n<tr class=\"row-10 even\">\n\t<td class=\"column-1\">Vortag des Opferfestes<\/td><td class=\"column-2\">05.06.2025<\/td>\n<\/tr>\n<tr class=\"row-11 odd\">\n\t<td class=\"column-1\">Opferfest \u0639\u064a\u062f \u0627\u0644\u0627\u0636\u062d\u0649<\/td><td class=\"column-2\">06. \u2013 09.06.2025<\/td>\n<\/tr>\n<tr class=\"row-12 even\">\n\t<td class=\"column-1\">Neujahr nach dem islam. Kalender<\/td><td class=\"column-2\">26.06.2025<\/td>\n<\/tr>\n<tr class=\"row-13 odd\">\n\t<td class=\"column-1\">Aschura-Tag<\/td><td class=\"column-2\">05.07.2025<\/td>\n<\/tr>\n<tr class=\"row-14 even\">\n\t<td class=\"column-1\">Die Nacht der Geburt des Propheten\u0645\u0648\u0644\u062f \u0627\u0644\u0646\u0628\u064a<\/td><td class=\"column-2\">03.07.2025<\/td>\n<\/tr>\n<\/tbody>\n<\/table>\n<!-- #tablepress-1 from cache -->\n\n\n\n<p><strong>Begriffserl\u00e4uterung:<\/strong><\/p>\n\n\n\n<ul class=\"wp-block-list\">\n<li>Aschura-Fest:<br>Das Fest erinnert an gro\u00dfe Ereignisse wie:<br>&#8211; Die Erschaffung der Erde und der Himmel<br>&#8211; Die Anerkennung der Reue Adams durch Gott<br>&#8211; Die Errettung Noahs durch die Sintflut<br>&#8211; Die Errettung Abrahams durch das Feuer<br>&#8211; Die Errettung des Propheten Moses in \u00c4qypten<br>An diesem Tag fasten die Muslime, zudem bereiten Sie eine Aschura S\u00fc\u00dfspeise, die auf<br>Noah zur\u00fcckgef\u00fchrt wird.<br>&nbsp;<\/li>\n\n\n\n<li>Mevlid Kandil: Nacht der Geburt des Propheten<br>(Geburtstag des Propheten Muhammed). Dieser Tag bzw. die Nacht ist seinem Gedenken gewidmet. Diese Nacht gilt als eine der f\u00fcnf gesegneten N\u00e4chte im Islam<br>&nbsp;<\/li>\n\n\n\n<li>Den Auftakt der heiligen drei Monate macht die Ragaib Nacht<br>&nbsp;<\/li>\n\n\n\n<li>Miradsch Kandil: &#8222;Nacht der Himmelfahrt des Propheten&#8220;<br>Hier wird der Himmelsreise des Propheten Muhammad (a.s.) gedacht.<\/li>\n\n\n\n<li>Berat Kandil: &#8222;Nacht der Vergebung&#8220;<br>In der Nacht des Schuldenerlasses bitten die Menschen Allah um Vergebung<br>&nbsp;<\/li>\n\n\n\n<li>1. Ramadan (Beginn des Fastenmonats)<br>&nbsp;<\/li>\n\n\n\n<li>Kadir Gecesi: &#8222;Nacht der Offenbarung des Korans&#8220;<br>Die Nacht in der zum ersten Mal Verse des Koran durch den<br>Erzengel Gabriel an den Propheten Muhammad (a.s.) offenbart wurden.<br>&nbsp;<\/li>\n\n\n\n<li>Ramadan Fest<br>&nbsp;<\/li>\n\n\n\n<li>Hicri Y\u0131lba\u015f\u0131 Neujahr nach islamischer Zeitrechnung<\/li>\n<\/ul>\n\n\n\n<p>Wie kann in deutscher Sprache zu den islamischen Feiertagen gratuliert werden?<br><br>Ramadan- und Opferfest:<br>Auf Deutsch:&nbsp;<em>Gesegnetes Fest \u2013 Frohes\/sch\u00f6nes Fest<\/em><br>Auf T\u00fcrkisch:&nbsp;<em>Bayram\u0131n\u0131z M\u00fcbarek Olsun<\/em>.<\/p>\n","protected":false},"excerpt":{"rendered":"<p>Begriffserl\u00e4uterung: Wie kann in deutscher Sprache zu den islamischen Feiertagen gratuliert werden? Ramadan- und Opferfest:Auf Deutsch:&nbsp;Gesegnetes Fest \u2013 Frohes\/sch\u00f6nes FestAuf T\u00fcrkisch:&nbsp;Bayram\u0131n\u0131z M\u00fcbarek Olsun.<\/p>\n","protected":false},"author":1,"featured_media":0,"parent":0,"menu_order":0,"comment_status":"closed","ping_status":"closed","template":"","meta":{"footnotes":""},"class_list":["post-74","page","type-page","status-publish","hentry"],"yoast_head":"<!-- This site is optimized with the Yoast SEO plugin v24.9 - https:\/\/yoast.com\/wordpress\/plugins\/seo\/ -->\n<title>Religi\u00f6se Feiertage - Mevlana Moschee<\/title>\n<meta name=\"robots\" content=\"index, follow, max-snippet:-1, max-image-preview:large, max-video-preview:-1\" \/>\n<link rel=\"canonical\" href=\"https:\/\/moscheebadvilbel.de\/?page_id=74\" \/>\n<meta property=\"og:locale\" content=\"de_DE\" \/>\n<meta property=\"og:type\" content=\"article\" \/>\n<meta property=\"og:title\" content=\"Religi\u00f6se Feiertage - Mevlana Moschee\" \/>\n<meta property=\"og:description\" content=\"Begriffserl\u00e4uterung: Wie kann in deutscher Sprache zu den islamischen Feiertagen gratuliert werden? Ramadan- und Opferfest:Auf Deutsch:&nbsp;Gesegnetes Fest \u2013 Frohes\/sch\u00f6nes FestAuf T\u00fcrkisch:&nbsp;Bayram\u0131n\u0131z M\u00fcbarek Olsun.\" \/>\n<meta property=\"og:url\" content=\"https:\/\/moscheebadvilbel.de\/?page_id=74\" \/>\n<meta property=\"og:site_name\" content=\"Mevlana Moschee\" \/>\n<meta property=\"article:modified_time\" content=\"2024-02-28T14:44:55+00:00\" \/>\n<meta name=\"twitter:card\" content=\"summary_large_image\" \/>\n<meta name=\"twitter:label1\" content=\"Gesch\u00e4tzte Lesezeit\" \/>\n\t<meta name=\"twitter:data1\" content=\"2\u00a0Minuten\" \/>\n<script type=\"application\/ld+json\" class=\"yoast-schema-graph\">{\"@context\":\"https:\/\/schema.org\",\"@graph\":[{\"@type\":\"WebPage\",\"@id\":\"https:\/\/moscheebadvilbel.de\/?page_id=74\",\"url\":\"https:\/\/moscheebadvilbel.de\/?page_id=74\",\"name\":\"Religi\u00f6se Feiertage - Mevlana Moschee\",\"isPartOf\":{\"@id\":\"https:\/\/moscheebadvilbel.de\/#website\"},\"datePublished\":\"2020-04-20T11:08:40+00:00\",\"dateModified\":\"2024-02-28T14:44:55+00:00\",\"breadcrumb\":{\"@id\":\"https:\/\/moscheebadvilbel.de\/?page_id=74#breadcrumb\"},\"inLanguage\":\"de\",\"potentialAction\":[{\"@type\":\"ReadAction\",\"target\":[\"https:\/\/moscheebadvilbel.de\/?page_id=74\"]}]},{\"@type\":\"BreadcrumbList\",\"@id\":\"https:\/\/moscheebadvilbel.de\/?page_id=74#breadcrumb\",\"itemListElement\":[{\"@type\":\"ListItem\",\"position\":1,\"name\":\"Startseite\",\"item\":\"https:\/\/moscheebadvilbel.de\/\"},{\"@type\":\"ListItem\",\"position\":2,\"name\":\"Religi\u00f6se Feiertage\"}]},{\"@type\":\"WebSite\",\"@id\":\"https:\/\/moscheebadvilbel.de\/#website\",\"url\":\"https:\/\/moscheebadvilbel.de\/\",\"name\":\"Mevlana Moschee Bad Vilbel\",\"description\":\"\",\"publisher\":{\"@id\":\"https:\/\/moscheebadvilbel.de\/#organization\"},\"potentialAction\":[{\"@type\":\"SearchAction\",\"target\":{\"@type\":\"EntryPoint\",\"urlTemplate\":\"https:\/\/moscheebadvilbel.de\/?s={search_term_string}\"},\"query-input\":{\"@type\":\"PropertyValueSpecification\",\"valueRequired\":true,\"valueName\":\"search_term_string\"}}],\"inLanguage\":\"de\"},{\"@type\":\"Organization\",\"@id\":\"https:\/\/moscheebadvilbel.de\/#organization\",\"name\":\"Bad Vilbel Moschee\",\"url\":\"https:\/\/moscheebadvilbel.de\/\",\"logo\":{\"@type\":\"ImageObject\",\"inLanguage\":\"de\",\"@id\":\"https:\/\/moscheebadvilbel.de\/#\/schema\/logo\/image\/\",\"url\":\"https:\/\/moscheebadvilbel.de\/wp-content\/uploads\/2020\/04\/100.png\",\"contentUrl\":\"https:\/\/moscheebadvilbel.de\/wp-content\/uploads\/2020\/04\/100.png\",\"width\":100,\"height\":58,\"caption\":\"Bad Vilbel Moschee\"},\"image\":{\"@id\":\"https:\/\/moscheebadvilbel.de\/#\/schema\/logo\/image\/\"},\"sameAs\":[\"https:\/\/www.youtube.com\/channel\/UCOp6Oxm14l8nupjOOxt3xYQ\/\"]}]}<\/script>\n<!-- \/ Yoast SEO plugin. -->","yoast_head_json":{"title":"Religi\u00f6se Feiertage - Mevlana Moschee","robots":{"index":"index","follow":"follow","max-snippet":"max-snippet:-1","max-image-preview":"max-image-preview:large","max-video-preview":"max-video-preview:-1"},"canonical":"https:\/\/moscheebadvilbel.de\/?page_id=74","og_locale":"de_DE","og_type":"article","og_title":"Religi\u00f6se Feiertage - Mevlana Moschee","og_description":"Begriffserl\u00e4uterung: Wie kann in deutscher Sprache zu den islamischen Feiertagen gratuliert werden? Ramadan- und Opferfest:Auf Deutsch:&nbsp;Gesegnetes Fest \u2013 Frohes\/sch\u00f6nes FestAuf T\u00fcrkisch:&nbsp;Bayram\u0131n\u0131z M\u00fcbarek Olsun.","og_url":"https:\/\/moscheebadvilbel.de\/?page_id=74","og_site_name":"Mevlana Moschee","article_modified_time":"2024-02-28T14:44:55+00:00","twitter_card":"summary_large_image","twitter_misc":{"Gesch\u00e4tzte Lesezeit":"2\u00a0Minuten"},"schema":{"@context":"https:\/\/schema.org","@graph":[{"@type":"WebPage","@id":"https:\/\/moscheebadvilbel.de\/?page_id=74","url":"https:\/\/moscheebadvilbel.de\/?page_id=74","name":"Religi\u00f6se Feiertage - Mevlana Moschee","isPartOf":{"@id":"https:\/\/moscheebadvilbel.de\/#website"},"datePublished":"2020-04-20T11:08:40+00:00","dateModified":"2024-02-28T14:44:55+00:00","breadcrumb":{"@id":"https:\/\/moscheebadvilbel.de\/?page_id=74#breadcrumb"},"inLanguage":"de","potentialAction":[{"@type":"ReadAction","target":["https:\/\/moscheebadvilbel.de\/?page_id=74"]}]},{"@type":"BreadcrumbList","@id":"https:\/\/moscheebadvilbel.de\/?page_id=74#breadcrumb","itemListElement":[{"@type":"ListItem","position":1,"name":"Startseite","item":"https:\/\/moscheebadvilbel.de\/"},{"@type":"ListItem","position":2,"name":"Religi\u00f6se Feiertage"}]},{"@type":"WebSite","@id":"https:\/\/moscheebadvilbel.de\/#website","url":"https:\/\/moscheebadvilbel.de\/","name":"Mevlana Moschee Bad Vilbel","description":"","publisher":{"@id":"https:\/\/moscheebadvilbel.de\/#organization"},"potentialAction":[{"@type":"SearchAction","target":{"@type":"EntryPoint","urlTemplate":"https:\/\/moscheebadvilbel.de\/?s={search_term_string}"},"query-input":{"@type":"PropertyValueSpecification","valueRequired":true,"valueName":"search_term_string"}}],"inLanguage":"de"},{"@type":"Organization","@id":"https:\/\/moscheebadvilbel.de\/#organization","name":"Bad Vilbel Moschee","url":"https:\/\/moscheebadvilbel.de\/","logo":{"@type":"ImageObject","inLanguage":"de","@id":"https:\/\/moscheebadvilbel.de\/#\/schema\/logo\/image\/","url":"https:\/\/moscheebadvilbel.de\/wp-content\/uploads\/2020\/04\/100.png","contentUrl":"https:\/\/moscheebadvilbel.de\/wp-content\/uploads\/2020\/04\/100.png","width":100,"height":58,"caption":"Bad Vilbel Moschee"},"image":{"@id":"https:\/\/moscheebadvilbel.de\/#\/schema\/logo\/image\/"},"sameAs":["https:\/\/www.youtube.com\/channel\/UCOp6Oxm14l8nupjOOxt3xYQ\/"]}]}},"jetpack_sharing_enabled":true,"_links":{"self":[{"href":"https:\/\/moscheebadvilbel.de\/index.php?rest_route=\/wp\/v2\/pages\/74","targetHints":{"allow":["GET"]}}],"collection":[{"href":"https:\/\/moscheebadvilbel.de\/index.php?rest_route=\/wp\/v2\/pages"}],"about":[{"href":"https:\/\/moscheebadvilbel.de\/index.php?rest_route=\/wp\/v2\/types\/page"}],"author":[{"embeddable":true,"href":"https:\/\/moscheebadvilbel.de\/index.php?rest_route=\/wp\/v2\/users\/1"}],"replies":[{"embeddable":true,"href":"https:\/\/moscheebadvilbel.de\/index.php?rest_route=%2Fwp%2Fv2%2Fcomments&post=74"}],"version-history":[{"count":10,"href":"https:\/\/moscheebadvilbel.de\/index.php?rest_route=\/wp\/v2\/pages\/74\/revisions"}],"predecessor-version":[{"id":341,"href":"https:\/\/moscheebadvilbel.de\/index.php?rest_route=\/wp\/v2\/pages\/74\/revisions\/341"}],"wp:attachment":[{"href":"https:\/\/moscheebadvilbel.de\/index.php?rest_route=%2Fwp%2Fv2%2Fmedia&parent=74"}],"curies":[{"name":"wp","href":"https:\/\/api.w.org\/{rel}","templated":true}]}}