{"id":28,"date":"2020-04-19T23:46:16","date_gmt":"2020-04-19T23:46:16","guid":{"rendered":"http:\/\/moscheebadvilbel.de\/?page_id=28"},"modified":"2020-04-25T10:22:07","modified_gmt":"2020-04-25T10:22:07","slug":"kontakt","status":"publish","type":"page","link":"https:\/\/moscheebadvilbel.de\/?page_id=28","title":{"rendered":"Kontakt"},"content":{"rendered":"\n<ul class=\"wp-block-social-links is-layout-flex wp-block-social-links-is-layout-flex\">\n\n\n\n\n\n\n\n<li class=\"wp-social-link wp-social-link-youtube  wp-block-social-link\"><a href=\"https:\/\/www.youtube.com\/channel\/UCOp6Oxm14l8nupjOOxt3xYQ\/\" class=\"wp-block-social-link-anchor\"><svg width=\"24\" height=\"24\" viewBox=\"0 0 24 24\" version=\"1.1\" xmlns=\"http:\/\/www.w3.org\/2000\/svg\" aria-hidden=\"true\" focusable=\"false\"><path d=\"M21.8,8.001c0,0-0.195-1.378-0.795-1.985c-0.76-0.797-1.613-0.801-2.004-0.847c-2.799-0.202-6.997-0.202-6.997-0.202 h-0.009c0,0-4.198,0-6.997,0.202C4.608,5.216,3.756,5.22,2.995,6.016C2.395,6.623,2.2,8.001,2.2,8.001S2,9.62,2,11.238v1.517 c0,1.618,0.2,3.237,0.2,3.237s0.195,1.378,0.795,1.985c0.761,0.797,1.76,0.771,2.205,0.855c1.6,0.153,6.8,0.201,6.8,0.201 s4.203-0.006,7.001-0.209c0.391-0.047,1.243-0.051,2.004-0.847c0.6-0.607,0.795-1.985,0.795-1.985s0.2-1.618,0.2-3.237v-1.517 C22,9.62,21.8,8.001,21.8,8.001z M9.935,14.594l-0.001-5.62l5.404,2.82L9.935,14.594z\"><\/path><\/svg><span class=\"wp-block-social-link-label screen-reader-text\">YouTube<\/span><\/a><\/li><\/ul>\n\n\n\n<hr class=\"wp-block-separator\"\/>\n\n\n\n<pre class=\"wp-block-preformatted\"><strong><em>DITIB T\u00fcrkisch Islamischer Kultur Verein e.V.\nB\u00fcdinger Stra\u00dfe 2\n61118 Bad Vilbel\nE-Mail: info@badvilbel-moschee.de\nTel.: 06101\/65280<\/em><\/strong><\/pre>\n\n\n\n<hr class=\"wp-block-separator\"\/>\n\n\n\n<h3 class=\"wp-block-heading\">Hier finden Sie uns<\/h3>\n\n\n\n<iframe loading=\"lazy\" src=\"https:\/\/www.google.com\/maps\/embed?pb=!1m18!1m12!1m3!1d2554.34251007031!2d8.74097841583403!3d50.19212841382525!2m3!1f0!2f0!3f0!3m2!1i1024!2i768!4f13.1!3m3!1m2!1s0x47bd0582541cb76f%3A0x50ea2ce9b5d9b6be!2sB%C3%BCdinger%20Str.%202%2C%2061118%20Bad%20Vilbel!5e0!3m2!1sde!2sde!4v1587375148590!5m2!1sde!2sde\" width=\"600\" height=\"450\" frameborder=\"0\" style=\"border:0;\" allowfullscreen=\"\" aria-hidden=\"false\" tabindex=\"0\"><\/iframe>\n\n\n\n<h3 class=\"wp-block-heading\">Kontaktformular<\/h3>\n\n\n\n<div class=\"wpcf7 no-js\" id=\"wpcf7-f49-o1\" lang=\"de-DE\" dir=\"ltr\">\n<div class=\"screen-reader-response\"><p role=\"status\" aria-live=\"polite\" aria-atomic=\"true\"><\/p> <ul><\/ul><\/div>\n<form action=\"\/index.php?rest_route=%2Fwp%2Fv2%2Fpages%2F28#wpcf7-f49-o1\" method=\"post\" class=\"wpcf7-form init\" aria-label=\"Kontaktformular\" novalidate=\"novalidate\" data-status=\"init\">\n<div style=\"display: none;\">\n<input type=\"hidden\" name=\"_wpcf7\" value=\"49\" \/>\n<input type=\"hidden\" name=\"_wpcf7_version\" value=\"5.7.7\" \/>\n<input type=\"hidden\" name=\"_wpcf7_locale\" value=\"de_DE\" \/>\n<input type=\"hidden\" name=\"_wpcf7_unit_tag\" value=\"wpcf7-f49-o1\" \/>\n<input type=\"hidden\" name=\"_wpcf7_container_post\" value=\"0\" \/>\n<input type=\"hidden\" name=\"_wpcf7_posted_data_hash\" value=\"\" \/>\n<\/div>\n<p><label> Dein Name (Pflichtfeld)<br \/>\n<span class=\"wpcf7-form-control-wrap\" data-name=\"your-name\"><input size=\"40\" class=\"wpcf7-form-control wpcf7-text wpcf7-validates-as-required\" aria-required=\"true\" aria-invalid=\"false\" value=\"\" type=\"text\" name=\"your-name\" \/><\/span> <\/label>\n<\/p>\n<p><label> Deine E-Mail-Adresse (Pflichtfeld)<br \/>\n<span class=\"wpcf7-form-control-wrap\" data-name=\"your-email\"><input size=\"40\" class=\"wpcf7-form-control wpcf7-text wpcf7-email wpcf7-validates-as-required wpcf7-validates-as-email\" aria-required=\"true\" aria-invalid=\"false\" value=\"\" type=\"email\" name=\"your-email\" \/><\/span> <\/label>\n<\/p>\n<p><label> Betreff<br \/>\n<span class=\"wpcf7-form-control-wrap\" data-name=\"your-subject\"><input size=\"40\" class=\"wpcf7-form-control wpcf7-text\" aria-invalid=\"false\" value=\"\" type=\"text\" name=\"your-subject\" \/><\/span> <\/label>\n<\/p>\n<p><label> Deine Nachricht<br \/>\n<span class=\"wpcf7-form-control-wrap\" data-name=\"your-message\"><textarea cols=\"40\" rows=\"10\" class=\"wpcf7-form-control wpcf7-textarea\" aria-invalid=\"false\" name=\"your-message\"><\/textarea><\/span> <\/label>\n<\/p>\n<p><input class=\"wpcf7-form-control has-spinner wpcf7-submit\" type=\"submit\" value=\"Senden\" \/>\n<\/p><div class=\"wpcf7-response-output\" aria-hidden=\"true\"><\/div>\n<\/form>\n<\/div>\n\n","protected":false},"excerpt":{"rendered":"<p>DITIB T\u00fcrkisch Islamischer Kultur Verein e.V. B\u00fcdinger Stra\u00dfe 2 61118 Bad Vilbel E-Mail: info@badvilbel-moschee.de Tel.: 06101\/65280 Hier finden Sie uns Kontaktformular<\/p>\n","protected":false},"author":1,"featured_media":0,"parent":0,"menu_order":0,"comment_status":"closed","ping_status":"closed","template":"","meta":{"footnotes":""},"class_list":["post-28","page","type-page","status-publish","hentry"],"yoast_head":"<!-- This site is optimized with the Yoast SEO plugin v24.9 - https:\/\/yoast.com\/wordpress\/plugins\/seo\/ -->\n<title>Kontakt - Mevlana Moschee<\/title>\n<meta name=\"description\" content=\"Bad Vilbel Mevalan Moschee \u2192 DITIB T\u00fcrkisch Islamische Kultur Verein e.V. \u2192 61118 Bad Vilbel \u2192 B\u00fcdinger Str. 2\" \/>\n<meta name=\"robots\" content=\"index, follow, max-snippet:-1, max-image-preview:large, max-video-preview:-1\" \/>\n<link rel=\"canonical\" href=\"https:\/\/moscheebadvilbel.de\/?page_id=28\" \/>\n<meta property=\"og:locale\" content=\"de_DE\" \/>\n<meta property=\"og:type\" content=\"article\" \/>\n<meta property=\"og:title\" content=\"Kontakt - Mevlana Moschee\" \/>\n<meta property=\"og:description\" content=\"Bad Vilbel Mevalan Moschee \u2192 DITIB T\u00fcrkisch Islamische Kultur Verein e.V. \u2192 61118 Bad Vilbel \u2192 B\u00fcdinger Str. 2\" \/>\n<meta property=\"og:url\" content=\"https:\/\/moscheebadvilbel.de\/?page_id=28\" \/>\n<meta property=\"og:site_name\" content=\"Mevlana Moschee\" \/>\n<meta property=\"article:modified_time\" content=\"2020-04-25T10:22:07+00:00\" \/>\n<meta name=\"twitter:card\" content=\"summary_large_image\" \/>\n<script type=\"application\/ld+json\" class=\"yoast-schema-graph\">{\"@context\":\"https:\/\/schema.org\",\"@graph\":[{\"@type\":\"WebPage\",\"@id\":\"https:\/\/moscheebadvilbel.de\/?page_id=28\",\"url\":\"https:\/\/moscheebadvilbel.de\/?page_id=28\",\"name\":\"Kontakt - Mevlana Moschee\",\"isPartOf\":{\"@id\":\"https:\/\/moscheebadvilbel.de\/#website\"},\"datePublished\":\"2020-04-19T23:46:16+00:00\",\"dateModified\":\"2020-04-25T10:22:07+00:00\",\"description\":\"Bad Vilbel Mevalan Moschee \u2192 DITIB T\u00fcrkisch Islamische Kultur Verein e.V. \u2192 61118 Bad Vilbel \u2192 B\u00fcdinger Str. 2\",\"breadcrumb\":{\"@id\":\"https:\/\/moscheebadvilbel.de\/?page_id=28#breadcrumb\"},\"inLanguage\":\"de\",\"potentialAction\":[{\"@type\":\"ReadAction\",\"target\":[\"https:\/\/moscheebadvilbel.de\/?page_id=28\"]}]},{\"@type\":\"BreadcrumbList\",\"@id\":\"https:\/\/moscheebadvilbel.de\/?page_id=28#breadcrumb\",\"itemListElement\":[{\"@type\":\"ListItem\",\"position\":1,\"name\":\"Startseite\",\"item\":\"https:\/\/moscheebadvilbel.de\/\"},{\"@type\":\"ListItem\",\"position\":2,\"name\":\"Kontakt\"}]},{\"@type\":\"WebSite\",\"@id\":\"https:\/\/moscheebadvilbel.de\/#website\",\"url\":\"https:\/\/moscheebadvilbel.de\/\",\"name\":\"Mevlana Moschee Bad Vilbel\",\"description\":\"\",\"publisher\":{\"@id\":\"https:\/\/moscheebadvilbel.de\/#organization\"},\"potentialAction\":[{\"@type\":\"SearchAction\",\"target\":{\"@type\":\"EntryPoint\",\"urlTemplate\":\"https:\/\/moscheebadvilbel.de\/?s={search_term_string}\"},\"query-input\":{\"@type\":\"PropertyValueSpecification\",\"valueRequired\":true,\"valueName\":\"search_term_string\"}}],\"inLanguage\":\"de\"},{\"@type\":\"Organization\",\"@id\":\"https:\/\/moscheebadvilbel.de\/#organization\",\"name\":\"Bad Vilbel Moschee\",\"url\":\"https:\/\/moscheebadvilbel.de\/\",\"logo\":{\"@type\":\"ImageObject\",\"inLanguage\":\"de\",\"@id\":\"https:\/\/moscheebadvilbel.de\/#\/schema\/logo\/image\/\",\"url\":\"https:\/\/moscheebadvilbel.de\/wp-content\/uploads\/2020\/04\/100.png\",\"contentUrl\":\"https:\/\/moscheebadvilbel.de\/wp-content\/uploads\/2020\/04\/100.png\",\"width\":100,\"height\":58,\"caption\":\"Bad Vilbel Moschee\"},\"image\":{\"@id\":\"https:\/\/moscheebadvilbel.de\/#\/schema\/logo\/image\/\"},\"sameAs\":[\"https:\/\/www.youtube.com\/channel\/UCOp6Oxm14l8nupjOOxt3xYQ\/\"]}]}<\/script>\n<!-- \/ Yoast SEO plugin. -->","yoast_head_json":{"title":"Kontakt - Mevlana Moschee","description":"Bad Vilbel Mevalan Moschee \u2192 DITIB T\u00fcrkisch Islamische Kultur Verein e.V. \u2192 61118 Bad Vilbel \u2192 B\u00fcdinger Str. 2","robots":{"index":"index","follow":"follow","max-snippet":"max-snippet:-1","max-image-preview":"max-image-preview:large","max-video-preview":"max-video-preview:-1"},"canonical":"https:\/\/moscheebadvilbel.de\/?page_id=28","og_locale":"de_DE","og_type":"article","og_title":"Kontakt - Mevlana Moschee","og_description":"Bad Vilbel Mevalan Moschee \u2192 DITIB T\u00fcrkisch Islamische Kultur Verein e.V. \u2192 61118 Bad Vilbel \u2192 B\u00fcdinger Str. 2","og_url":"https:\/\/moscheebadvilbel.de\/?page_id=28","og_site_name":"Mevlana Moschee","article_modified_time":"2020-04-25T10:22:07+00:00","twitter_card":"summary_large_image","schema":{"@context":"https:\/\/schema.org","@graph":[{"@type":"WebPage","@id":"https:\/\/moscheebadvilbel.de\/?page_id=28","url":"https:\/\/moscheebadvilbel.de\/?page_id=28","name":"Kontakt - Mevlana Moschee","isPartOf":{"@id":"https:\/\/moscheebadvilbel.de\/#website"},"datePublished":"2020-04-19T23:46:16+00:00","dateModified":"2020-04-25T10:22:07+00:00","description":"Bad Vilbel Mevalan Moschee \u2192 DITIB T\u00fcrkisch Islamische Kultur Verein e.V. \u2192 61118 Bad Vilbel \u2192 B\u00fcdinger Str. 2","breadcrumb":{"@id":"https:\/\/moscheebadvilbel.de\/?page_id=28#breadcrumb"},"inLanguage":"de","potentialAction":[{"@type":"ReadAction","target":["https:\/\/moscheebadvilbel.de\/?page_id=28"]}]},{"@type":"BreadcrumbList","@id":"https:\/\/moscheebadvilbel.de\/?page_id=28#breadcrumb","itemListElement":[{"@type":"ListItem","position":1,"name":"Startseite","item":"https:\/\/moscheebadvilbel.de\/"},{"@type":"ListItem","position":2,"name":"Kontakt"}]},{"@type":"WebSite","@id":"https:\/\/moscheebadvilbel.de\/#website","url":"https:\/\/moscheebadvilbel.de\/","name":"Mevlana Moschee Bad Vilbel","description":"","publisher":{"@id":"https:\/\/moscheebadvilbel.de\/#organization"},"potentialAction":[{"@type":"SearchAction","target":{"@type":"EntryPoint","urlTemplate":"https:\/\/moscheebadvilbel.de\/?s={search_term_string}"},"query-input":{"@type":"PropertyValueSpecification","valueRequired":true,"valueName":"search_term_string"}}],"inLanguage":"de"},{"@type":"Organization","@id":"https:\/\/moscheebadvilbel.de\/#organization","name":"Bad Vilbel Moschee","url":"https:\/\/moscheebadvilbel.de\/","logo":{"@type":"ImageObject","inLanguage":"de","@id":"https:\/\/moscheebadvilbel.de\/#\/schema\/logo\/image\/","url":"https:\/\/moscheebadvilbel.de\/wp-content\/uploads\/2020\/04\/100.png","contentUrl":"https:\/\/moscheebadvilbel.de\/wp-content\/uploads\/2020\/04\/100.png","width":100,"height":58,"caption":"Bad Vilbel Moschee"},"image":{"@id":"https:\/\/moscheebadvilbel.de\/#\/schema\/logo\/image\/"},"sameAs":["https:\/\/www.youtube.com\/channel\/UCOp6Oxm14l8nupjOOxt3xYQ\/"]}]}},"jetpack_sharing_enabled":true,"_links":{"self":[{"href":"https:\/\/moscheebadvilbel.de\/index.php?rest_route=\/wp\/v2\/pages\/28","targetHints":{"allow":["GET"]}}],"collection":[{"href":"https:\/\/moscheebadvilbel.de\/index.php?rest_route=\/wp\/v2\/pages"}],"about":[{"href":"https:\/\/moscheebadvilbel.de\/index.php?rest_route=\/wp\/v2\/types\/page"}],"author":[{"embeddable":true,"href":"https:\/\/moscheebadvilbel.de\/index.php?rest_route=\/wp\/v2\/users\/1"}],"replies":[{"embeddable":true,"href":"https:\/\/moscheebadvilbel.de\/index.php?rest_route=%2Fwp%2Fv2%2Fcomments&post=28"}],"version-history":[{"count":16,"href":"https:\/\/moscheebadvilbel.de\/index.php?rest_route=\/wp\/v2\/pages\/28\/revisions"}],"predecessor-version":[{"id":156,"href":"https:\/\/moscheebadvilbel.de\/index.php?rest_route=\/wp\/v2\/pages\/28\/revisions\/156"}],"wp:attachment":[{"href":"https:\/\/moscheebadvilbel.de\/index.php?rest_route=%2Fwp%2Fv2%2Fmedia&parent=28"}],"curies":[{"name":"wp","href":"https:\/\/api.w.org\/{rel}","templated":true}]}}